{"id":1988,"date":"2020-11-13T12:40:50","date_gmt":"2020-11-13T11:40:50","guid":{"rendered":"https:\/\/orbit-zavlahy.sk\/eshop\/?post_type=product&#038;p=1988"},"modified":"2020-11-13T12:43:19","modified_gmt":"2020-11-13T11:43:19","slug":"rozbocovac-s-dvomi-uzatvaracimi-ventilmi-3x3-4","status":"publish","type":"product","link":"https:\/\/orbit-zavlahy.sk\/obchod\/product\/rozbocovac-s-dvomi-uzatvaracimi-ventilmi-3x3-4\/","title":{"rendered":"Rozbo\u010dova\u010d s dvomi uzatv\u00e1rac\u00edmi ventilmi 3&#215;3\/4&#8243;"},"content":{"rendered":"","protected":false},"excerpt":{"rendered":"<p>3\/4&#8243; rozbo\u010dova\u010d s dvomi uzatv\u00e1rac\u00edmi ventilmi 3\/4&#8243;; mosadzn\u00e9 prevedenie.<br \/>\nVyu\u017eitie pri napojen\u00ed viacer\u00fdch had\u00edc na \u010dasov\u00fd sp\u00edna\u010d alebo na z\u00e1hradn\u00fd ventil.<br \/>\nMnohostrann\u00e9 vyu\u017eitie.<\/p>\n","protected":false},"featured_media":1534,"template":"","meta":{"spay_email":""},"product_cat":[54,51],"product_tag":[],"_links":{"self":[{"href":"https:\/\/orbit-zavlahy.sk\/obchod\/wp-json\/wp\/v2\/product\/1988"}],"collection":[{"href":"https:\/\/orbit-zavlahy.sk\/obchod\/wp-json\/wp\/v2\/product"}],"about":[{"href":"https:\/\/orbit-zavlahy.sk\/obchod\/wp-json\/wp\/v2\/types\/product"}],"wp:featuredmedia":[{"embeddable":true,"href":"https:\/\/orbit-zavlahy.sk\/obchod\/wp-json\/wp\/v2\/media\/1534"}],"wp:attachment":[{"href":"https:\/\/orbit-zavlahy.sk\/obchod\/wp-json\/wp\/v2\/media?parent=1988"}],"wp:term":[{"taxonomy":"product_cat","embeddable":true,"href":"https:\/\/orbit-zavlahy.sk\/obchod\/wp-json\/wp\/v2\/product_cat?post=1988"},{"taxonomy":"product_tag","embeddable":true,"href":"https:\/\/orbit-zavlahy.sk\/obchod\/wp-json\/wp\/v2\/product_tag?post=1988"}],"curies":[{"name":"wp","href":"https:\/\/api.w.org\/{rel}","templated":true}]}}