{"id":1948,"date":"2020-11-13T10:56:01","date_gmt":"2020-11-13T09:56:01","guid":{"rendered":"https:\/\/orbit-zavlahy.sk\/eshop\/?post_type=product&#038;p=1948"},"modified":"2020-11-25T15:25:01","modified_gmt":"2020-11-25T14:25:01","slug":"koleno-vnutorny-vonkajsi-zavit-3-4-x-3-4","status":"publish","type":"product","link":"https:\/\/orbit-zavlahy.sk\/obchod\/product\/koleno-vnutorny-vonkajsi-zavit-3-4-x-3-4\/","title":{"rendered":"Koleno, vn\u00fatorn\u00fd\/vonkaj\u0161\u00ed z\u00e1vit, 3\/4&#8243; x 3\/4&#8243;"},"content":{"rendered":"","protected":false},"excerpt":{"rendered":"<p>koleno, vn\u00fatorn\u00fd\/vonkaj\u0161\u00ed z\u00e1vit, 3\/4&#8243; x 3\/4&#8243;, k <a href=\"https:\/\/orbit-zavlahy.sk\/obchod\/product\/pripojny-kluc-k-rychlospojnemu-ventilu-ids\/\">pr\u00edpojn\u00e9mu k\u013e\u00fa\u010du<\/a> a <a href=\"https:\/\/orbit-zavlahy.sk\/obchod\/product\/pripojka-pre-hadicu\/\">pr\u00edpojke na hadicu<\/a><\/p>\n","protected":false},"featured_media":1949,"template":"","meta":{"spay_email":""},"product_cat":[54,51],"product_tag":[],"_links":{"self":[{"href":"https:\/\/orbit-zavlahy.sk\/obchod\/wp-json\/wp\/v2\/product\/1948"}],"collection":[{"href":"https:\/\/orbit-zavlahy.sk\/obchod\/wp-json\/wp\/v2\/product"}],"about":[{"href":"https:\/\/orbit-zavlahy.sk\/obchod\/wp-json\/wp\/v2\/types\/product"}],"wp:featuredmedia":[{"embeddable":true,"href":"https:\/\/orbit-zavlahy.sk\/obchod\/wp-json\/wp\/v2\/media\/1949"}],"wp:attachment":[{"href":"https:\/\/orbit-zavlahy.sk\/obchod\/wp-json\/wp\/v2\/media?parent=1948"}],"wp:term":[{"taxonomy":"product_cat","embeddable":true,"href":"https:\/\/orbit-zavlahy.sk\/obchod\/wp-json\/wp\/v2\/product_cat?post=1948"},{"taxonomy":"product_tag","embeddable":true,"href":"https:\/\/orbit-zavlahy.sk\/obchod\/wp-json\/wp\/v2\/product_tag?post=1948"}],"curies":[{"name":"wp","href":"https:\/\/api.w.org\/{rel}","templated":true}]}}