{"id":1926,"date":"2020-11-13T10:05:38","date_gmt":"2020-11-13T09:05:38","guid":{"rendered":"https:\/\/orbit-zavlahy.sk\/eshop\/?post_type=product&#038;p=1926"},"modified":"2020-12-16T13:09:52","modified_gmt":"2020-12-16T12:09:52","slug":"obojstranna-navrtavacia-objimka-s-vnutornym-zavitom","status":"publish","type":"product","link":"https:\/\/orbit-zavlahy.sk\/obchod\/product\/obojstranna-navrtavacia-objimka-s-vnutornym-zavitom\/","title":{"rendered":"Obojstrann\u00e1 nav\u0155tavacia obj\u00edmka s vn\u00fatorn\u00fdm z\u00e1vitom"},"content":{"rendered":"","protected":false},"excerpt":{"rendered":"","protected":false},"featured_media":3133,"template":"","meta":{"spay_email":""},"product_cat":[53,51],"product_tag":[],"_links":{"self":[{"href":"https:\/\/orbit-zavlahy.sk\/obchod\/wp-json\/wp\/v2\/product\/1926"}],"collection":[{"href":"https:\/\/orbit-zavlahy.sk\/obchod\/wp-json\/wp\/v2\/product"}],"about":[{"href":"https:\/\/orbit-zavlahy.sk\/obchod\/wp-json\/wp\/v2\/types\/product"}],"wp:featuredmedia":[{"embeddable":true,"href":"https:\/\/orbit-zavlahy.sk\/obchod\/wp-json\/wp\/v2\/media\/3133"}],"wp:attachment":[{"href":"https:\/\/orbit-zavlahy.sk\/obchod\/wp-json\/wp\/v2\/media?parent=1926"}],"wp:term":[{"taxonomy":"product_cat","embeddable":true,"href":"https:\/\/orbit-zavlahy.sk\/obchod\/wp-json\/wp\/v2\/product_cat?post=1926"},{"taxonomy":"product_tag","embeddable":true,"href":"https:\/\/orbit-zavlahy.sk\/obchod\/wp-json\/wp\/v2\/product_tag?post=1926"}],"curies":[{"name":"wp","href":"https:\/\/api.w.org\/{rel}","templated":true}]}}