{"id":1915,"date":"2020-11-13T09:53:54","date_gmt":"2020-11-13T08:53:54","guid":{"rendered":"https:\/\/orbit-zavlahy.sk\/eshop\/?post_type=product&#038;p=1915"},"modified":"2020-12-16T13:15:01","modified_gmt":"2020-12-16T12:15:01","slug":"navrtavacia-objimka-s-vnutornym-zavitom-25-x-3-4","status":"publish","type":"product","link":"https:\/\/orbit-zavlahy.sk\/obchod\/product\/navrtavacia-objimka-s-vnutornym-zavitom-25-x-3-4\/","title":{"rendered":"Nav\u0155tavacia obj\u00edmka s vn\u00fatorn\u00fdm z\u00e1vitom &#8211; 25 mm"},"content":{"rendered":"","protected":false},"excerpt":{"rendered":"<p>Nav\u0155tavacia obj\u00edmka s vn\u00fatorn\u00fdm z\u00e1vitom k <a href=\"https:\/\/orbit-zavlahy.sk\/obchod\/product\/potrubie-ld-pe-1bm\/\">zavla\u017eovaciemu potrubiu 25 mm (3\/4\u201d)<\/a> a prepojenie kvapkovej z\u00e1vlahy.<\/p>\n","protected":false},"featured_media":3130,"template":"","meta":{"spay_email":""},"product_cat":[53,51],"product_tag":[],"_links":{"self":[{"href":"https:\/\/orbit-zavlahy.sk\/obchod\/wp-json\/wp\/v2\/product\/1915"}],"collection":[{"href":"https:\/\/orbit-zavlahy.sk\/obchod\/wp-json\/wp\/v2\/product"}],"about":[{"href":"https:\/\/orbit-zavlahy.sk\/obchod\/wp-json\/wp\/v2\/types\/product"}],"wp:featuredmedia":[{"embeddable":true,"href":"https:\/\/orbit-zavlahy.sk\/obchod\/wp-json\/wp\/v2\/media\/3130"}],"wp:attachment":[{"href":"https:\/\/orbit-zavlahy.sk\/obchod\/wp-json\/wp\/v2\/media?parent=1915"}],"wp:term":[{"taxonomy":"product_cat","embeddable":true,"href":"https:\/\/orbit-zavlahy.sk\/obchod\/wp-json\/wp\/v2\/product_cat?post=1915"},{"taxonomy":"product_tag","embeddable":true,"href":"https:\/\/orbit-zavlahy.sk\/obchod\/wp-json\/wp\/v2\/product_tag?post=1915"}],"curies":[{"name":"wp","href":"https:\/\/api.w.org\/{rel}","templated":true}]}}