{"id":1903,"date":"2020-11-13T09:21:50","date_gmt":"2020-11-13T08:21:50","guid":{"rendered":"https:\/\/orbit-zavlahy.sk\/eshop\/?post_type=product&#038;p=1903"},"modified":"2024-07-16T20:09:23","modified_gmt":"2024-07-16T18:09:23","slug":"spojka-priama-qj","status":"publish","type":"product","link":"https:\/\/orbit-zavlahy.sk\/obchod\/product\/spojka-priama-qj\/","title":{"rendered":"Spojka priama QJ"},"content":{"rendered":"","protected":false},"excerpt":{"rendered":"<p>T-kus QJ &#8211; umo\u017e\u0148uje pripojenie dvoch rozstrekova\u010dov; vytvorenie odbo\u010dky z jednej nav\u0155tavacej obj\u00edmk<\/p>\n","protected":false},"featured_media":1515,"template":"","meta":{"spay_email":""},"product_cat":[52,51],"product_tag":[],"_links":{"self":[{"href":"https:\/\/orbit-zavlahy.sk\/obchod\/wp-json\/wp\/v2\/product\/1903"}],"collection":[{"href":"https:\/\/orbit-zavlahy.sk\/obchod\/wp-json\/wp\/v2\/product"}],"about":[{"href":"https:\/\/orbit-zavlahy.sk\/obchod\/wp-json\/wp\/v2\/types\/product"}],"wp:featuredmedia":[{"embeddable":true,"href":"https:\/\/orbit-zavlahy.sk\/obchod\/wp-json\/wp\/v2\/media\/1515"}],"wp:attachment":[{"href":"https:\/\/orbit-zavlahy.sk\/obchod\/wp-json\/wp\/v2\/media?parent=1903"}],"wp:term":[{"taxonomy":"product_cat","embeddable":true,"href":"https:\/\/orbit-zavlahy.sk\/obchod\/wp-json\/wp\/v2\/product_cat?post=1903"},{"taxonomy":"product_tag","embeddable":true,"href":"https:\/\/orbit-zavlahy.sk\/obchod\/wp-json\/wp\/v2\/product_tag?post=1903"}],"curies":[{"name":"wp","href":"https:\/\/api.w.org\/{rel}","templated":true}]}}