{"id":1895,"date":"2020-11-13T09:03:06","date_gmt":"2020-11-13T08:03:06","guid":{"rendered":"https:\/\/orbit-zavlahy.sk\/eshop\/?post_type=product&#038;p=1895"},"modified":"2020-11-13T09:46:05","modified_gmt":"2020-11-13T08:46:05","slug":"zavitovy-t-kus-qj-so-zavitom-na-odbocke","status":"publish","type":"product","link":"https:\/\/orbit-zavlahy.sk\/obchod\/product\/zavitovy-t-kus-qj-so-zavitom-na-odbocke\/","title":{"rendered":"Z\u00e1vitov\u00fd T-kus QJ so z\u00e1vitom na odbo\u010dke"},"content":{"rendered":"","protected":false},"excerpt":{"rendered":"","protected":false},"featured_media":1513,"template":"","meta":{"spay_email":""},"product_cat":[52,51],"product_tag":[],"_links":{"self":[{"href":"https:\/\/orbit-zavlahy.sk\/obchod\/wp-json\/wp\/v2\/product\/1895"}],"collection":[{"href":"https:\/\/orbit-zavlahy.sk\/obchod\/wp-json\/wp\/v2\/product"}],"about":[{"href":"https:\/\/orbit-zavlahy.sk\/obchod\/wp-json\/wp\/v2\/types\/product"}],"wp:featuredmedia":[{"embeddable":true,"href":"https:\/\/orbit-zavlahy.sk\/obchod\/wp-json\/wp\/v2\/media\/1513"}],"wp:attachment":[{"href":"https:\/\/orbit-zavlahy.sk\/obchod\/wp-json\/wp\/v2\/media?parent=1895"}],"wp:term":[{"taxonomy":"product_cat","embeddable":true,"href":"https:\/\/orbit-zavlahy.sk\/obchod\/wp-json\/wp\/v2\/product_cat?post=1895"},{"taxonomy":"product_tag","embeddable":true,"href":"https:\/\/orbit-zavlahy.sk\/obchod\/wp-json\/wp\/v2\/product_tag?post=1895"}],"curies":[{"name":"wp","href":"https:\/\/api.w.org\/{rel}","templated":true}]}}