{"id":1889,"date":"2020-11-13T08:56:46","date_gmt":"2020-11-13T07:56:46","guid":{"rendered":"https:\/\/orbit-zavlahy.sk\/eshop\/?post_type=product&#038;p=1889"},"modified":"2020-11-13T09:46:31","modified_gmt":"2020-11-13T08:46:31","slug":"zavitovy-vnutorny-prechod-qj-vnutorny-zavit","status":"publish","type":"product","link":"https:\/\/orbit-zavlahy.sk\/obchod\/product\/zavitovy-vnutorny-prechod-qj-vnutorny-zavit\/","title":{"rendered":"Z\u00e1vitov\u00fd vn\u00fatorn\u00fd prechod QJ &#8211; vn\u00fatorn\u00fd z\u00e1vit"},"content":{"rendered":"","protected":false},"excerpt":{"rendered":"","protected":false},"featured_media":1512,"template":"","meta":{"spay_email":""},"product_cat":[52,51],"product_tag":[],"_links":{"self":[{"href":"https:\/\/orbit-zavlahy.sk\/obchod\/wp-json\/wp\/v2\/product\/1889"}],"collection":[{"href":"https:\/\/orbit-zavlahy.sk\/obchod\/wp-json\/wp\/v2\/product"}],"about":[{"href":"https:\/\/orbit-zavlahy.sk\/obchod\/wp-json\/wp\/v2\/types\/product"}],"wp:featuredmedia":[{"embeddable":true,"href":"https:\/\/orbit-zavlahy.sk\/obchod\/wp-json\/wp\/v2\/media\/1512"}],"wp:attachment":[{"href":"https:\/\/orbit-zavlahy.sk\/obchod\/wp-json\/wp\/v2\/media?parent=1889"}],"wp:term":[{"taxonomy":"product_cat","embeddable":true,"href":"https:\/\/orbit-zavlahy.sk\/obchod\/wp-json\/wp\/v2\/product_cat?post=1889"},{"taxonomy":"product_tag","embeddable":true,"href":"https:\/\/orbit-zavlahy.sk\/obchod\/wp-json\/wp\/v2\/product_tag?post=1889"}],"curies":[{"name":"wp","href":"https:\/\/api.w.org\/{rel}","templated":true}]}}