{"id":1873,"date":"2020-11-13T08:22:10","date_gmt":"2020-11-13T07:22:10","guid":{"rendered":"https:\/\/orbit-zavlahy.sk\/eshop\/?post_type=product&#038;p=1873"},"modified":"2020-11-13T08:26:22","modified_gmt":"2020-11-13T07:26:22","slug":"pruzne-pripojovacie-potrubie-qj-pe-20-mm","status":"publish","type":"product","link":"https:\/\/orbit-zavlahy.sk\/obchod\/product\/pruzne-pripojovacie-potrubie-qj-pe-20-mm\/","title":{"rendered":"Pru\u017en\u00e9 pripojovacie potrubie QJ PE 20 mm"},"content":{"rendered":"","protected":false},"excerpt":{"rendered":"<p>pru\u017en\u00e9 pripojovacie potrubie QJ PE 20 mm pre postrekova\u010de, 50 m bal.; cena za<br \/>\n1 m; mo\u017en\u00e9 deli\u0165 pod\u013ea potreby<\/p>\n","protected":false},"featured_media":1509,"template":"","meta":{"spay_email":""},"product_cat":[52,51],"product_tag":[],"_links":{"self":[{"href":"https:\/\/orbit-zavlahy.sk\/obchod\/wp-json\/wp\/v2\/product\/1873"}],"collection":[{"href":"https:\/\/orbit-zavlahy.sk\/obchod\/wp-json\/wp\/v2\/product"}],"about":[{"href":"https:\/\/orbit-zavlahy.sk\/obchod\/wp-json\/wp\/v2\/types\/product"}],"wp:featuredmedia":[{"embeddable":true,"href":"https:\/\/orbit-zavlahy.sk\/obchod\/wp-json\/wp\/v2\/media\/1509"}],"wp:attachment":[{"href":"https:\/\/orbit-zavlahy.sk\/obchod\/wp-json\/wp\/v2\/media?parent=1873"}],"wp:term":[{"taxonomy":"product_cat","embeddable":true,"href":"https:\/\/orbit-zavlahy.sk\/obchod\/wp-json\/wp\/v2\/product_cat?post=1873"},{"taxonomy":"product_tag","embeddable":true,"href":"https:\/\/orbit-zavlahy.sk\/obchod\/wp-json\/wp\/v2\/product_tag?post=1873"}],"curies":[{"name":"wp","href":"https:\/\/api.w.org\/{rel}","templated":true}]}}