{"id":1868,"date":"2020-11-13T08:21:44","date_gmt":"2020-11-13T07:21:44","guid":{"rendered":"https:\/\/orbit-zavlahy.sk\/eshop\/?post_type=product&#038;p=1868"},"modified":"2024-02-05T11:00:58","modified_gmt":"2024-02-05T10:00:58","slug":"zavitove-koleno-qj-k-postrekovacu-vonkajsi-zavit","status":"publish","type":"product","link":"https:\/\/orbit-zavlahy.sk\/obchod\/product\/zavitove-koleno-qj-k-postrekovacu-vonkajsi-zavit\/","title":{"rendered":"Z\u00e1vitov\u00e9 koleno QJ k postrekova\u010du &#8211; vonkaj\u0161\u00ed z\u00e1vit"},"content":{"rendered":"","protected":false},"excerpt":{"rendered":"","protected":false},"featured_media":1510,"template":"","meta":{"spay_email":""},"product_cat":[52,51],"product_tag":[],"_links":{"self":[{"href":"https:\/\/orbit-zavlahy.sk\/obchod\/wp-json\/wp\/v2\/product\/1868"}],"collection":[{"href":"https:\/\/orbit-zavlahy.sk\/obchod\/wp-json\/wp\/v2\/product"}],"about":[{"href":"https:\/\/orbit-zavlahy.sk\/obchod\/wp-json\/wp\/v2\/types\/product"}],"wp:featuredmedia":[{"embeddable":true,"href":"https:\/\/orbit-zavlahy.sk\/obchod\/wp-json\/wp\/v2\/media\/1510"}],"wp:attachment":[{"href":"https:\/\/orbit-zavlahy.sk\/obchod\/wp-json\/wp\/v2\/media?parent=1868"}],"wp:term":[{"taxonomy":"product_cat","embeddable":true,"href":"https:\/\/orbit-zavlahy.sk\/obchod\/wp-json\/wp\/v2\/product_cat?post=1868"},{"taxonomy":"product_tag","embeddable":true,"href":"https:\/\/orbit-zavlahy.sk\/obchod\/wp-json\/wp\/v2\/product_tag?post=1868"}],"curies":[{"name":"wp","href":"https:\/\/api.w.org\/{rel}","templated":true}]}}