{"id":1867,"date":"2020-11-12T17:41:48","date_gmt":"2020-11-12T16:41:48","guid":{"rendered":"https:\/\/orbit-zavlahy.sk\/eshop\/?post_type=product&#038;p=1867"},"modified":"2020-11-12T17:41:49","modified_gmt":"2020-11-12T16:41:49","slug":"nahradny-filter-pre-vsetky-typy-1-2-sprinklerov","status":"publish","type":"product","link":"https:\/\/orbit-zavlahy.sk\/obchod\/product\/nahradny-filter-pre-vsetky-typy-1-2-sprinklerov\/","title":{"rendered":"N\u00e1hradn\u00fd filter pre v\u0161etky typy 1\/2&#8243; sprinklerov"},"content":{"rendered":"<p>n\u00e1hradn\u00fd filter pre v\u0161etky typy 1\/2&#8243; sprinklerov<\/p>\n","protected":false},"excerpt":{"rendered":"<p>n\u00e1hradn\u00fd filter pre v\u0161etky typy 1\/2&#8243; sprinklerov<\/p>\n","protected":false},"featured_media":1445,"template":"","meta":{"spay_email":""},"product_cat":[25,43,45,44],"product_tag":[],"_links":{"self":[{"href":"https:\/\/orbit-zavlahy.sk\/obchod\/wp-json\/wp\/v2\/product\/1867"}],"collection":[{"href":"https:\/\/orbit-zavlahy.sk\/obchod\/wp-json\/wp\/v2\/product"}],"about":[{"href":"https:\/\/orbit-zavlahy.sk\/obchod\/wp-json\/wp\/v2\/types\/product"}],"wp:featuredmedia":[{"embeddable":true,"href":"https:\/\/orbit-zavlahy.sk\/obchod\/wp-json\/wp\/v2\/media\/1445"}],"wp:attachment":[{"href":"https:\/\/orbit-zavlahy.sk\/obchod\/wp-json\/wp\/v2\/media?parent=1867"}],"wp:term":[{"taxonomy":"product_cat","embeddable":true,"href":"https:\/\/orbit-zavlahy.sk\/obchod\/wp-json\/wp\/v2\/product_cat?post=1867"},{"taxonomy":"product_tag","embeddable":true,"href":"https:\/\/orbit-zavlahy.sk\/obchod\/wp-json\/wp\/v2\/product_tag?post=1867"}],"curies":[{"name":"wp","href":"https:\/\/api.w.org\/{rel}","templated":true}]}}