{"id":1851,"date":"2020-11-12T16:31:06","date_gmt":"2020-11-12T15:31:06","guid":{"rendered":"https:\/\/orbit-zavlahy.sk\/eshop\/?post_type=product&#038;p=1851"},"modified":"2020-11-14T16:16:55","modified_gmt":"2020-11-14T15:16:55","slug":"univerzalny-orezavac-koncov-potrubi","status":"publish","type":"product","link":"https:\/\/orbit-zavlahy.sk\/obchod\/product\/univerzalny-orezavac-koncov-potrubi\/","title":{"rendered":"Univerz\u00e1lny orez\u00e1va\u010d koncov potrub\u00ed"},"content":{"rendered":"","protected":false},"excerpt":{"rendered":"<p>ve\u013emi \u013eahk\u00e9 vytvorenie n\u00e1behu na PE potrubie<br \/>\ns \u00f8 16-63 mm pre hladk\u00fa mont\u00e1\u017e mechanick\u00fdch spojok<\/p>\n","protected":false},"featured_media":1475,"template":"","meta":{"spay_email":""},"product_cat":[26,31,49],"product_tag":[],"_links":{"self":[{"href":"https:\/\/orbit-zavlahy.sk\/obchod\/wp-json\/wp\/v2\/product\/1851"}],"collection":[{"href":"https:\/\/orbit-zavlahy.sk\/obchod\/wp-json\/wp\/v2\/product"}],"about":[{"href":"https:\/\/orbit-zavlahy.sk\/obchod\/wp-json\/wp\/v2\/types\/product"}],"wp:featuredmedia":[{"embeddable":true,"href":"https:\/\/orbit-zavlahy.sk\/obchod\/wp-json\/wp\/v2\/media\/1475"}],"wp:attachment":[{"href":"https:\/\/orbit-zavlahy.sk\/obchod\/wp-json\/wp\/v2\/media?parent=1851"}],"wp:term":[{"taxonomy":"product_cat","embeddable":true,"href":"https:\/\/orbit-zavlahy.sk\/obchod\/wp-json\/wp\/v2\/product_cat?post=1851"},{"taxonomy":"product_tag","embeddable":true,"href":"https:\/\/orbit-zavlahy.sk\/obchod\/wp-json\/wp\/v2\/product_tag?post=1851"}],"curies":[{"name":"wp","href":"https:\/\/api.w.org\/{rel}","templated":true}]}}