{"id":1838,"date":"2020-11-12T16:22:50","date_gmt":"2020-11-12T15:22:50","guid":{"rendered":"https:\/\/orbit-zavlahy.sk\/eshop\/?post_type=product&#038;p=1838"},"modified":"2020-12-17T11:29:31","modified_gmt":"2020-12-17T10:29:31","slug":"nahradna-vlozka","status":"publish","type":"product","link":"https:\/\/orbit-zavlahy.sk\/obchod\/product\/nahradna-vlozka\/","title":{"rendered":"N\u00e1hradn\u00e1 vlo\u017eka"},"content":{"rendered":"","protected":false},"excerpt":{"rendered":"","protected":false},"featured_media":1507,"template":"","meta":{"spay_email":""},"product_cat":[26,50],"product_tag":[],"_links":{"self":[{"href":"https:\/\/orbit-zavlahy.sk\/obchod\/wp-json\/wp\/v2\/product\/1838"}],"collection":[{"href":"https:\/\/orbit-zavlahy.sk\/obchod\/wp-json\/wp\/v2\/product"}],"about":[{"href":"https:\/\/orbit-zavlahy.sk\/obchod\/wp-json\/wp\/v2\/types\/product"}],"wp:featuredmedia":[{"embeddable":true,"href":"https:\/\/orbit-zavlahy.sk\/obchod\/wp-json\/wp\/v2\/media\/1507"}],"wp:attachment":[{"href":"https:\/\/orbit-zavlahy.sk\/obchod\/wp-json\/wp\/v2\/media?parent=1838"}],"wp:term":[{"taxonomy":"product_cat","embeddable":true,"href":"https:\/\/orbit-zavlahy.sk\/obchod\/wp-json\/wp\/v2\/product_cat?post=1838"},{"taxonomy":"product_tag","embeddable":true,"href":"https:\/\/orbit-zavlahy.sk\/obchod\/wp-json\/wp\/v2\/product_tag?post=1838"}],"curies":[{"name":"wp","href":"https:\/\/api.w.org\/{rel}","templated":true}]}}