{"id":1817,"date":"2020-11-12T16:10:03","date_gmt":"2020-11-12T15:10:03","guid":{"rendered":"https:\/\/orbit-zavlahy.sk\/eshop\/?post_type=product&#038;p=1817"},"modified":"2020-12-17T11:30:12","modified_gmt":"2020-12-17T10:30:12","slug":"nahradny-tesniaci-kruzok","status":"publish","type":"product","link":"https:\/\/orbit-zavlahy.sk\/obchod\/product\/nahradny-tesniaci-kruzok\/","title":{"rendered":"N\u00e1hradn\u00fd tesniaci kr\u00fa\u017eok"},"content":{"rendered":"","protected":false},"excerpt":{"rendered":"","protected":false},"featured_media":1505,"template":"","meta":{"spay_email":""},"product_cat":[26,50],"product_tag":[],"_links":{"self":[{"href":"https:\/\/orbit-zavlahy.sk\/obchod\/wp-json\/wp\/v2\/product\/1817"}],"collection":[{"href":"https:\/\/orbit-zavlahy.sk\/obchod\/wp-json\/wp\/v2\/product"}],"about":[{"href":"https:\/\/orbit-zavlahy.sk\/obchod\/wp-json\/wp\/v2\/types\/product"}],"wp:featuredmedia":[{"embeddable":true,"href":"https:\/\/orbit-zavlahy.sk\/obchod\/wp-json\/wp\/v2\/media\/1505"}],"wp:attachment":[{"href":"https:\/\/orbit-zavlahy.sk\/obchod\/wp-json\/wp\/v2\/media?parent=1817"}],"wp:term":[{"taxonomy":"product_cat","embeddable":true,"href":"https:\/\/orbit-zavlahy.sk\/obchod\/wp-json\/wp\/v2\/product_cat?post=1817"},{"taxonomy":"product_tag","embeddable":true,"href":"https:\/\/orbit-zavlahy.sk\/obchod\/wp-json\/wp\/v2\/product_tag?post=1817"}],"curies":[{"name":"wp","href":"https:\/\/api.w.org\/{rel}","templated":true}]}}