{"id":1810,"date":"2020-11-12T16:00:58","date_gmt":"2020-11-12T15:00:58","guid":{"rendered":"https:\/\/orbit-zavlahy.sk\/eshop\/?post_type=product&#038;p=1810"},"modified":"2020-12-17T11:32:16","modified_gmt":"2020-12-17T10:32:16","slug":"plast-tvarovka-pn-10-viecko-vnutorny-zavit","status":"publish","type":"product","link":"https:\/\/orbit-zavlahy.sk\/obchod\/product\/plast-tvarovka-pn-10-viecko-vnutorny-zavit\/","title":{"rendered":"Plast. tvarovka PN 10 vie\u010dko &#8211; vn\u00fatorn\u00fd z\u00e1vit"},"content":{"rendered":"","protected":false},"excerpt":{"rendered":"","protected":false},"featured_media":1504,"template":"","meta":{"spay_email":""},"product_cat":[26,49],"product_tag":[],"_links":{"self":[{"href":"https:\/\/orbit-zavlahy.sk\/obchod\/wp-json\/wp\/v2\/product\/1810"}],"collection":[{"href":"https:\/\/orbit-zavlahy.sk\/obchod\/wp-json\/wp\/v2\/product"}],"about":[{"href":"https:\/\/orbit-zavlahy.sk\/obchod\/wp-json\/wp\/v2\/types\/product"}],"wp:featuredmedia":[{"embeddable":true,"href":"https:\/\/orbit-zavlahy.sk\/obchod\/wp-json\/wp\/v2\/media\/1504"}],"wp:attachment":[{"href":"https:\/\/orbit-zavlahy.sk\/obchod\/wp-json\/wp\/v2\/media?parent=1810"}],"wp:term":[{"taxonomy":"product_cat","embeddable":true,"href":"https:\/\/orbit-zavlahy.sk\/obchod\/wp-json\/wp\/v2\/product_cat?post=1810"},{"taxonomy":"product_tag","embeddable":true,"href":"https:\/\/orbit-zavlahy.sk\/obchod\/wp-json\/wp\/v2\/product_tag?post=1810"}],"curies":[{"name":"wp","href":"https:\/\/api.w.org\/{rel}","templated":true}]}}