{"id":1746,"date":"2020-11-12T15:05:02","date_gmt":"2020-11-12T14:05:02","guid":{"rendered":"https:\/\/orbit-zavlahy.sk\/eshop\/?post_type=product&#038;p=1746"},"modified":"2020-11-12T15:08:06","modified_gmt":"2020-11-12T14:08:06","slug":"plastova-tvarovka-pn10-vnutorny-vonkajsi-zavit","status":"publish","type":"product","link":"https:\/\/orbit-zavlahy.sk\/obchod\/product\/plastova-tvarovka-pn10-vnutorny-vonkajsi-zavit\/","title":{"rendered":"Plastov\u00e1 tvarovka PN10 &#8211; vn\u00fatorn\u00fd\/vonkaj\u0161\u00ed z\u00e1vit"},"content":{"rendered":"","protected":false},"excerpt":{"rendered":"","protected":false},"featured_media":1496,"template":"","meta":{"spay_email":""},"product_cat":[26,49],"product_tag":[],"_links":{"self":[{"href":"https:\/\/orbit-zavlahy.sk\/obchod\/wp-json\/wp\/v2\/product\/1746"}],"collection":[{"href":"https:\/\/orbit-zavlahy.sk\/obchod\/wp-json\/wp\/v2\/product"}],"about":[{"href":"https:\/\/orbit-zavlahy.sk\/obchod\/wp-json\/wp\/v2\/types\/product"}],"wp:featuredmedia":[{"embeddable":true,"href":"https:\/\/orbit-zavlahy.sk\/obchod\/wp-json\/wp\/v2\/media\/1496"}],"wp:attachment":[{"href":"https:\/\/orbit-zavlahy.sk\/obchod\/wp-json\/wp\/v2\/media?parent=1746"}],"wp:term":[{"taxonomy":"product_cat","embeddable":true,"href":"https:\/\/orbit-zavlahy.sk\/obchod\/wp-json\/wp\/v2\/product_cat?post=1746"},{"taxonomy":"product_tag","embeddable":true,"href":"https:\/\/orbit-zavlahy.sk\/obchod\/wp-json\/wp\/v2\/product_tag?post=1746"}],"curies":[{"name":"wp","href":"https:\/\/api.w.org\/{rel}","templated":true}]}}