{"id":1720,"date":"2020-11-12T14:46:02","date_gmt":"2020-11-12T13:46:02","guid":{"rendered":"https:\/\/orbit-zavlahy.sk\/eshop\/?post_type=product&#038;p=1720"},"modified":"2020-11-12T14:51:52","modified_gmt":"2020-11-12T13:51:52","slug":"plast-tvarovka-pn-10-2x-vnutorny-zavit","status":"publish","type":"product","link":"https:\/\/orbit-zavlahy.sk\/obchod\/product\/plast-tvarovka-pn-10-2x-vnutorny-zavit\/","title":{"rendered":"Plast. tvarovka PN 10 &#8211; 2x vn\u00fatorn\u00fd z\u00e1vit"},"content":{"rendered":"<p>(do 10 barov) n\u00e1trubok\/mufna<\/p>\n","protected":false},"excerpt":{"rendered":"<p>(do 10 barov) n\u00e1trubok\/mufna<\/p>\n","protected":false},"featured_media":1493,"template":"","meta":{"spay_email":""},"product_cat":[26,49],"product_tag":[],"_links":{"self":[{"href":"https:\/\/orbit-zavlahy.sk\/obchod\/wp-json\/wp\/v2\/product\/1720"}],"collection":[{"href":"https:\/\/orbit-zavlahy.sk\/obchod\/wp-json\/wp\/v2\/product"}],"about":[{"href":"https:\/\/orbit-zavlahy.sk\/obchod\/wp-json\/wp\/v2\/types\/product"}],"wp:featuredmedia":[{"embeddable":true,"href":"https:\/\/orbit-zavlahy.sk\/obchod\/wp-json\/wp\/v2\/media\/1493"}],"wp:attachment":[{"href":"https:\/\/orbit-zavlahy.sk\/obchod\/wp-json\/wp\/v2\/media?parent=1720"}],"wp:term":[{"taxonomy":"product_cat","embeddable":true,"href":"https:\/\/orbit-zavlahy.sk\/obchod\/wp-json\/wp\/v2\/product_cat?post=1720"},{"taxonomy":"product_tag","embeddable":true,"href":"https:\/\/orbit-zavlahy.sk\/obchod\/wp-json\/wp\/v2\/product_tag?post=1720"}],"curies":[{"name":"wp","href":"https:\/\/api.w.org\/{rel}","templated":true}]}}