{"id":1713,"date":"2020-11-12T14:38:46","date_gmt":"2020-11-12T13:38:46","guid":{"rendered":"https:\/\/orbit-zavlahy.sk\/eshop\/?post_type=product&#038;p=1713"},"modified":"2020-11-12T14:45:51","modified_gmt":"2020-11-12T13:45:51","slug":"spojka-dvojnipel-2x-vonkajsi-zavit-plast","status":"publish","type":"product","link":"https:\/\/orbit-zavlahy.sk\/obchod\/product\/spojka-dvojnipel-2x-vonkajsi-zavit-plast\/","title":{"rendered":"Spojka &#8211; dvojnipel 2x vonkaj\u0161\u00ed z\u00e1vit &#8211; plast"},"content":{"rendered":"","protected":false},"excerpt":{"rendered":"","protected":false},"featured_media":1491,"template":"","meta":{"spay_email":""},"product_cat":[26,49],"product_tag":[],"_links":{"self":[{"href":"https:\/\/orbit-zavlahy.sk\/obchod\/wp-json\/wp\/v2\/product\/1713"}],"collection":[{"href":"https:\/\/orbit-zavlahy.sk\/obchod\/wp-json\/wp\/v2\/product"}],"about":[{"href":"https:\/\/orbit-zavlahy.sk\/obchod\/wp-json\/wp\/v2\/types\/product"}],"wp:featuredmedia":[{"embeddable":true,"href":"https:\/\/orbit-zavlahy.sk\/obchod\/wp-json\/wp\/v2\/media\/1491"}],"wp:attachment":[{"href":"https:\/\/orbit-zavlahy.sk\/obchod\/wp-json\/wp\/v2\/media?parent=1713"}],"wp:term":[{"taxonomy":"product_cat","embeddable":true,"href":"https:\/\/orbit-zavlahy.sk\/obchod\/wp-json\/wp\/v2\/product_cat?post=1713"},{"taxonomy":"product_tag","embeddable":true,"href":"https:\/\/orbit-zavlahy.sk\/obchod\/wp-json\/wp\/v2\/product_tag?post=1713"}],"curies":[{"name":"wp","href":"https:\/\/api.w.org\/{rel}","templated":true}]}}