{"id":1705,"date":"2020-11-12T14:21:41","date_gmt":"2020-11-12T13:21:41","guid":{"rendered":"https:\/\/orbit-zavlahy.sk\/eshop\/?post_type=product&#038;p=1705"},"modified":"2020-11-23T13:46:55","modified_gmt":"2020-11-23T12:46:55","slug":"koleno-90-na-stenu","status":"publish","type":"product","link":"https:\/\/orbit-zavlahy.sk\/obchod\/product\/koleno-90-na-stenu\/","title":{"rendered":"Koleno 90\u00b0 na stenu"},"content":{"rendered":"","protected":false},"excerpt":{"rendered":"<p>25 mm x 3\/4&#8243; &#8211; s vn\u00fatorn\u00fdm z\u00e1vitom<\/p>\n","protected":false},"featured_media":2934,"template":"","meta":{"spay_email":""},"product_cat":[26,49],"product_tag":[],"_links":{"self":[{"href":"https:\/\/orbit-zavlahy.sk\/obchod\/wp-json\/wp\/v2\/product\/1705"}],"collection":[{"href":"https:\/\/orbit-zavlahy.sk\/obchod\/wp-json\/wp\/v2\/product"}],"about":[{"href":"https:\/\/orbit-zavlahy.sk\/obchod\/wp-json\/wp\/v2\/types\/product"}],"wp:featuredmedia":[{"embeddable":true,"href":"https:\/\/orbit-zavlahy.sk\/obchod\/wp-json\/wp\/v2\/media\/2934"}],"wp:attachment":[{"href":"https:\/\/orbit-zavlahy.sk\/obchod\/wp-json\/wp\/v2\/media?parent=1705"}],"wp:term":[{"taxonomy":"product_cat","embeddable":true,"href":"https:\/\/orbit-zavlahy.sk\/obchod\/wp-json\/wp\/v2\/product_cat?post=1705"},{"taxonomy":"product_tag","embeddable":true,"href":"https:\/\/orbit-zavlahy.sk\/obchod\/wp-json\/wp\/v2\/product_tag?post=1705"}],"curies":[{"name":"wp","href":"https:\/\/api.w.org\/{rel}","templated":true}]}}