{"id":1696,"date":"2020-11-12T14:17:54","date_gmt":"2020-11-12T13:17:54","guid":{"rendered":"https:\/\/orbit-zavlahy.sk\/eshop\/?post_type=product&#038;p=1696"},"modified":"2020-11-12T14:21:24","modified_gmt":"2020-11-12T13:21:24","slug":"koleno-90-s-vnutornym-zavitom-na-odbocke","status":"publish","type":"product","link":"https:\/\/orbit-zavlahy.sk\/obchod\/product\/koleno-90-s-vnutornym-zavitom-na-odbocke\/","title":{"rendered":"Koleno 90\u00b0 s vn\u00fatorn\u00fdm z\u00e1vitom na odbo\u010dke"},"content":{"rendered":"","protected":false},"excerpt":{"rendered":"","protected":false},"featured_media":1488,"template":"","meta":{"spay_email":""},"product_cat":[26,49],"product_tag":[],"_links":{"self":[{"href":"https:\/\/orbit-zavlahy.sk\/obchod\/wp-json\/wp\/v2\/product\/1696"}],"collection":[{"href":"https:\/\/orbit-zavlahy.sk\/obchod\/wp-json\/wp\/v2\/product"}],"about":[{"href":"https:\/\/orbit-zavlahy.sk\/obchod\/wp-json\/wp\/v2\/types\/product"}],"wp:featuredmedia":[{"embeddable":true,"href":"https:\/\/orbit-zavlahy.sk\/obchod\/wp-json\/wp\/v2\/media\/1488"}],"wp:attachment":[{"href":"https:\/\/orbit-zavlahy.sk\/obchod\/wp-json\/wp\/v2\/media?parent=1696"}],"wp:term":[{"taxonomy":"product_cat","embeddable":true,"href":"https:\/\/orbit-zavlahy.sk\/obchod\/wp-json\/wp\/v2\/product_cat?post=1696"},{"taxonomy":"product_tag","embeddable":true,"href":"https:\/\/orbit-zavlahy.sk\/obchod\/wp-json\/wp\/v2\/product_tag?post=1696"}],"curies":[{"name":"wp","href":"https:\/\/api.w.org\/{rel}","templated":true}]}}