{"id":1663,"date":"2020-11-12T13:53:38","date_gmt":"2020-11-12T12:53:38","guid":{"rendered":"https:\/\/orbit-zavlahy.sk\/eshop\/?post_type=product&#038;p=1663"},"modified":"2020-11-23T14:03:03","modified_gmt":"2020-11-23T13:03:03","slug":"t-kus-s-vnutornym-zavitom-na-odbocke-3x-na-pe-potrubie","status":"publish","type":"product","link":"https:\/\/orbit-zavlahy.sk\/obchod\/product\/t-kus-s-vnutornym-zavitom-na-odbocke-3x-na-pe-potrubie\/","title":{"rendered":"T-kus s vn\u00fatorn\u00fdm z\u00e1vitom na odbo\u010dke &#8211; 3x na PE potrubie"},"content":{"rendered":"","protected":false},"excerpt":{"rendered":"","protected":false},"featured_media":2940,"template":"","meta":{"spay_email":""},"product_cat":[26,49],"product_tag":[],"_links":{"self":[{"href":"https:\/\/orbit-zavlahy.sk\/obchod\/wp-json\/wp\/v2\/product\/1663"}],"collection":[{"href":"https:\/\/orbit-zavlahy.sk\/obchod\/wp-json\/wp\/v2\/product"}],"about":[{"href":"https:\/\/orbit-zavlahy.sk\/obchod\/wp-json\/wp\/v2\/types\/product"}],"wp:featuredmedia":[{"embeddable":true,"href":"https:\/\/orbit-zavlahy.sk\/obchod\/wp-json\/wp\/v2\/media\/2940"}],"wp:attachment":[{"href":"https:\/\/orbit-zavlahy.sk\/obchod\/wp-json\/wp\/v2\/media?parent=1663"}],"wp:term":[{"taxonomy":"product_cat","embeddable":true,"href":"https:\/\/orbit-zavlahy.sk\/obchod\/wp-json\/wp\/v2\/product_cat?post=1663"},{"taxonomy":"product_tag","embeddable":true,"href":"https:\/\/orbit-zavlahy.sk\/obchod\/wp-json\/wp\/v2\/product_tag?post=1663"}],"curies":[{"name":"wp","href":"https:\/\/api.w.org\/{rel}","templated":true}]}}