{"id":1595,"date":"2020-11-12T11:22:06","date_gmt":"2020-11-12T10:22:06","guid":{"rendered":"https:\/\/orbit-zavlahy.sk\/eshop\/?post_type=product&#038;p=1595"},"modified":"2021-02-24T11:57:34","modified_gmt":"2021-02-24T10:57:34","slug":"1-2-sprinklerrychlospojny-ventil-3-4-vodna-zasuvka-rozstrek-15-x-91-m-10cm-kopia","status":"publish","type":"product","link":"https:\/\/orbit-zavlahy.sk\/obchod\/product\/1-2-sprinklerrychlospojny-ventil-3-4-vodna-zasuvka-rozstrek-15-x-91-m-10cm-kopia\/","title":{"rendered":"R\u00fdchlospojn\u00fd ventil (vodn\u00e1 z\u00e1suvka)"},"content":{"rendered":"","protected":false},"excerpt":{"rendered":"<p>R\u00fdchlospojn\u00fd ventil 3\/4&#8243; (vodn\u00e1 z\u00e1suvka) &#8211; plastov\u00fd, pre napojenie <a href=\"https:\/\/orbit-zavlahy.sk\/obchod\/product\/potrubie-ld-pe-1bm\/\">PE-LD potrubia<\/a>.<\/p>\n","protected":false},"featured_media":3231,"template":"","meta":{"spay_email":""},"product_cat":[54,51],"product_tag":[],"_links":{"self":[{"href":"https:\/\/orbit-zavlahy.sk\/obchod\/wp-json\/wp\/v2\/product\/1595"}],"collection":[{"href":"https:\/\/orbit-zavlahy.sk\/obchod\/wp-json\/wp\/v2\/product"}],"about":[{"href":"https:\/\/orbit-zavlahy.sk\/obchod\/wp-json\/wp\/v2\/types\/product"}],"wp:featuredmedia":[{"embeddable":true,"href":"https:\/\/orbit-zavlahy.sk\/obchod\/wp-json\/wp\/v2\/media\/3231"}],"wp:attachment":[{"href":"https:\/\/orbit-zavlahy.sk\/obchod\/wp-json\/wp\/v2\/media?parent=1595"}],"wp:term":[{"taxonomy":"product_cat","embeddable":true,"href":"https:\/\/orbit-zavlahy.sk\/obchod\/wp-json\/wp\/v2\/product_cat?post=1595"},{"taxonomy":"product_tag","embeddable":true,"href":"https:\/\/orbit-zavlahy.sk\/obchod\/wp-json\/wp\/v2\/product_tag?post=1595"}],"curies":[{"name":"wp","href":"https:\/\/api.w.org\/{rel}","templated":true}]}}