{"id":14,"date":"2020-11-03T11:02:11","date_gmt":"2020-11-03T10:02:11","guid":{"rendered":"http:\/\/orbit-zavlahy.sk\/eshop\/?page_id=14"},"modified":"2024-02-07T09:39:06","modified_gmt":"2024-02-07T08:39:06","slug":"formular-na-projekt","status":"publish","type":"page","link":"https:\/\/orbit-zavlahy.sk\/obchod\/formular-na-projekt\/","title":{"rendered":"OBJEDN\u00c1VKOV\u00dd FORMUL\u00c1R NA PROJEKT Z\u00c1VLAHOV\u00c9HO SYST\u00c9MU"},"content":{"rendered":"<p><a href=\"https:\/\/orbit-zavlahy.sk\/Formular.html\">https:\/\/orbit-zavlahy.sk\/Formular.html<\/a><\/p>\n\n\n<p><\/p>\n","protected":false},"excerpt":{"rendered":"<p>https:\/\/orbit-zavlahy.sk\/Formular.html<\/p>\n","protected":false},"author":1,"featured_media":0,"parent":0,"menu_order":0,"comment_status":"closed","ping_status":"closed","template":"template-fullwidth.php","meta":{"spay_email":"","footnotes":""},"_links":{"self":[{"href":"https:\/\/orbit-zavlahy.sk\/obchod\/wp-json\/wp\/v2\/pages\/14"}],"collection":[{"href":"https:\/\/orbit-zavlahy.sk\/obchod\/wp-json\/wp\/v2\/pages"}],"about":[{"href":"https:\/\/orbit-zavlahy.sk\/obchod\/wp-json\/wp\/v2\/types\/page"}],"author":[{"embeddable":true,"href":"https:\/\/orbit-zavlahy.sk\/obchod\/wp-json\/wp\/v2\/users\/1"}],"replies":[{"embeddable":true,"href":"https:\/\/orbit-zavlahy.sk\/obchod\/wp-json\/wp\/v2\/comments?post=14"}],"version-history":[{"count":4,"href":"https:\/\/orbit-zavlahy.sk\/obchod\/wp-json\/wp\/v2\/pages\/14\/revisions"}],"predecessor-version":[{"id":3399,"href":"https:\/\/orbit-zavlahy.sk\/obchod\/wp-json\/wp\/v2\/pages\/14\/revisions\/3399"}],"wp:attachment":[{"href":"https:\/\/orbit-zavlahy.sk\/obchod\/wp-json\/wp\/v2\/media?parent=14"}],"curies":[{"name":"wp","href":"https:\/\/api.w.org\/{rel}","templated":true}]}}